{"id":383,"date":"2022-10-22T13:27:12","date_gmt":"2022-10-22T13:27:12","guid":{"rendered":"https:\/\/festival-academy.com\/?page_id=383"},"modified":"2022-12-07T16:03:27","modified_gmt":"2022-12-07T16:03:27","slug":"the-kodaly-conferences-2-2-2","status":"publish","type":"page","link":"https:\/\/festival-academy.com\/sq\/the-kodaly-conferences-2-2-2\/","title":{"rendered":"Masterklasat"},"content":{"rendered":"<h2>\n\t\tMasterclasses\t<\/h2>\n<p>\u00a0<\/p>\n<p>Nj\u00eb nga programet e vazhdueshme m\u00eb interesante t\u00eb Festival Academy \u00ebsht\u00eb ai i masterklasave tematike dhe instrumentale. Ato sh\u00ebrbejn\u00eb si procese interaktive p\u00ebr talentet e reja p\u00ebr t\u00eb m\u00ebsuar n\u00eb m\u00ebnyr\u00eb t\u00eb drejtp\u00ebrdrejt\u00eb nga mjesht\u00ebrit e artit dhe performuesit e fushave t\u00eb ndryshme.<\/p>\n<p>\u00a0<\/p>\n<p>Fillesat e konceptit t\u00eb masterklasave i atribuohen kompozitorit dhe pianistit brilant hungarez Franz Liszt. Ato vler\u00ebsohen gjer\u00ebsisht si nj\u00eb nga mjetet m\u00eb efektive p\u00ebr zhvillimin muzikor dhe artistik. Nisur nga ky fakt, Festival Academy sjell n\u00eb m\u00ebnyr\u00eb t\u00eb vazhdueshme artist\u00eb, instrumentalist\u00eb, kompozitor\u00eb, autor\u00eb dhe profesor\u00eb t\u00eb ndrysh\u00ebm, shqiptar\u00eb dhe t\u00eb huaj. Nd\u00ebrveprimi me k\u00ebto personalitete t\u00eb artit paraqet nj\u00eb eksperienca t\u00eb jasht\u00ebzakonshme edukative p\u00ebr talentet shqiptare t\u00eb t\u00eb gjitha moshave.<\/p>\n<p>\u00a0<\/p>\n<style>\/*! elementor - v3.7.7 - 20-09-2022 *\/\n.elementor-widget-image{text-align:center}.elementor-widget-image a{display:inline-block}.elementor-widget-image a img[src$=\".svg\"]{width:48px}.elementor-widget-image img{vertical-align:middle;display:inline-block}<\/style>\n<p>\t\t\t\t\t\t\t\t\t\t\t\t<img decoding=\"async\" width=\"1000\" height=\"500\" src=\"http:\/\/festival-academy.com\/wp-content\/uploads\/2022\/12\/FB_01969-1-1000x500.jpg\" alt=\"\" loading=\"lazy\" srcset=\"https:\/\/festival-academy.com\/wp-content\/uploads\/2022\/12\/FB_01969-1-1000x500.jpg 1000w, https:\/\/festival-academy.com\/wp-content\/uploads\/2022\/12\/FB_01969-1-1300x650.jpg 1300w\" sizes=\"auto, (max-width: 1000px) 100vw, 1000px\" \/>\t\t\t\t\t\t\t\t\t\t\t\t\t\t\t<\/p>\n<style>\/*! elementor - v3.7.7 - 20-09-2022 *\/\n.elementor-column .elementor-spacer-inner{height:var(--spacer-size)}.e-container{--container-widget-width:100%}.e-container>.elementor-widget-spacer{width:var(--container-widget-width,var(--spacer-size));-ms-flex-item-align:stretch;align-self:stretch;-ms-flex-negative:0;flex-shrink:0}.e-container>.elementor-widget-spacer>.elementor-widget-container,.e-container>.elementor-widget-spacer>.elementor-widget-container>.elementor-spacer{height:100%}.e-container>.elementor-widget-spacer>.elementor-widget-container>.elementor-spacer>.elementor-spacer-inner{height:var(--container-widget-height,var(--spacer-size))}<\/style>\n<style>\/*! elementor - v3.7.7 - 20-09-2022 *\/\n.elementor-heading-title{padding:0;margin:0;line-height:1}.elementor-widget-heading .elementor-heading-title[class*=elementor-size-]>a{color:inherit;font-size:inherit;line-height:inherit}.elementor-widget-heading .elementor-heading-title.elementor-size-small{font-size:15px}.elementor-widget-heading .elementor-heading-title.elementor-size-medium{font-size:19px}.elementor-widget-heading .elementor-heading-title.elementor-size-large{font-size:29px}.elementor-widget-heading .elementor-heading-title.elementor-size-xl{font-size:39px}.elementor-widget-heading .elementor-heading-title.elementor-size-xxl{font-size:59px}<\/style>\n<h3>Masterklas\u00eb Piano<\/h3>\n<p>Festival Academy hapi der\u00ebn p\u00ebr nj\u00eb brez t\u00eb ri student\u00ebsh t\u00eb muzik\u00ebs, instrumentalist\u00ebsh, kritik\u00ebsh arti dhe t\u00eb rinjsh t\u00eb tjer\u00eb t\u00eb interesuar n\u00eb art dhe kultur\u00eb \u2013 n\u00ebp\u00ebrmjet organizimit t\u00eb masterklasave n\u00eb piano te Liceu Artistik \u201cJordan Misja\u201d n\u00eb Tiran\u00eb.<\/p>\n<p>\u00a0<\/p>\n<p>K\u00ebto masterklasa fantastike u realizuan n\u00ebn drejtimin e pianistes s\u00eb mir\u00ebnjohur shqiptare Almira Emiri. Nisur nga eksperienca e saj n\u00eb Austri, Itali, Gjermani, Hungari, Izrael dhe mjaft skena t\u00eb tjera europiane, Profesore Emiri do t\u00eb sjell\u00eb p\u00ebr t\u00eb rinjt\u00eb nj\u00eb aktivitet tejet interesant dhe intensiv.<\/p>\n<p>\u00a0<\/p>\n<p>Almira Emiri ka mbaruar studimet e larta n\u00eb Universitetin\u201cFranc List\u201d n\u00eb Budapest dhe studimet Master n\u00eb Universitetin e Arteve n\u00eb Grac. Nd\u00ebr t\u00eb tjer\u00eb, ajo ka studiuar me Eugen Jakab, Annam\u00e1ria Bodoky-Krause dhe Milana Chernyavska, si dhe ka marr\u00eb pjes\u00eb n\u00eb MasterClass t\u00eb profesor\u00ebve t\u00eb njohur Dimitrij Bashkirov, Imre Rohmann, Alexander Satz, Rudolf Kehrer e Vitaly Margulis. Aktiviteti i saj koncertal si pianiste soliste dhe n\u00eb muzik\u00eb dhome \u00ebsht\u00eb i pasur dhe i larmish\u00ebm.<\/p>\n<p>\t\t\t\t\t\t\t\t\t\t\t\t\t\t\t<img decoding=\"async\" width=\"1000\" height=\"500\" src=\"http:\/\/festival-academy.com\/wp-content\/uploads\/2022\/12\/FB_01996-1000x500.jpg\" alt=\"\" loading=\"lazy\" srcset=\"https:\/\/festival-academy.com\/wp-content\/uploads\/2022\/12\/FB_01996-1000x500.jpg 1000w, https:\/\/festival-academy.com\/wp-content\/uploads\/2022\/12\/FB_01996-1300x650.jpg 1300w\" sizes=\"auto, (max-width: 1000px) 100vw, 1000px\" \/><\/p>\n","protected":false},"excerpt":{"rendered":"<p>Masterclasses \u00a0 Nj\u00eb nga programet e vazhdueshme m\u00eb interesante t\u00eb Festival Academy \u00ebsht\u00eb ai i masterklasave tematike dhe instrumentale. Ato sh\u00ebrbejn\u00eb si procese interaktive p\u00ebr talentet e reja p\u00ebr t\u00eb m\u00ebsuar n\u00eb m\u00ebnyr\u00eb t\u00eb drejtp\u00ebrdrejt\u00eb nga mjesht\u00ebrit e artit dhe performuesit e fushave t\u00eb ndryshme&#8230;.<\/p>\n","protected":false},"author":1,"featured_media":0,"parent":0,"menu_order":0,"comment_status":"closed","ping_status":"closed","template":"","meta":{"footnotes":""},"class_list":["post-383","page","type-page","status-publish","hentry"],"_links":{"self":[{"href":"https:\/\/festival-academy.com\/sq\/wp-json\/wp\/v2\/pages\/383","targetHints":{"allow":["GET"]}}],"collection":[{"href":"https:\/\/festival-academy.com\/sq\/wp-json\/wp\/v2\/pages"}],"about":[{"href":"https:\/\/festival-academy.com\/sq\/wp-json\/wp\/v2\/types\/page"}],"author":[{"embeddable":true,"href":"https:\/\/festival-academy.com\/sq\/wp-json\/wp\/v2\/users\/1"}],"replies":[{"embeddable":true,"href":"https:\/\/festival-academy.com\/sq\/wp-json\/wp\/v2\/comments?post=383"}],"version-history":[{"count":12,"href":"https:\/\/festival-academy.com\/sq\/wp-json\/wp\/v2\/pages\/383\/revisions"}],"predecessor-version":[{"id":681,"href":"https:\/\/festival-academy.com\/sq\/wp-json\/wp\/v2\/pages\/383\/revisions\/681"}],"wp:attachment":[{"href":"https:\/\/festival-academy.com\/sq\/wp-json\/wp\/v2\/media?parent=383"}],"curies":[{"name":"wp","href":"https:\/\/api.w.org\/{rel}","templated":true}]}}