{"id":555,"date":"2022-11-07T17:47:00","date_gmt":"2022-11-07T17:47:00","guid":{"rendered":"https:\/\/festival-academy.com\/?page_id=555"},"modified":"2025-09-12T08:26:13","modified_gmt":"2025-09-12T08:26:13","slug":"abou-us","status":"publish","type":"page","link":"https:\/\/festival-academy.com\/sq\/abou-us\/","title":{"rendered":"Rreth Nesh"},"content":{"rendered":"<p>[vc_row][vc_column][vc_column_text]<\/p>\n<p><img loading=\"lazy\" decoding=\"async\" src=\"http:\/\/festival-academy.com\/wp-content\/uploads\/2022\/11\/imageonline-co-textimage-2-e1667843510775.png\" alt=\"\" width=\"603\" height=\"500\" \/><\/p>\n<h1>Rreth Festival Academy:<\/h1>\n<p>Festival Academy \u00ebsht\u00eb nj\u00eb platform\u00eb arti dhe kulture dedikuar nd\u00ebrlidhjes s\u00eb trash\u00ebgimis\u00eb kulturore dhe zhanreve klasike me artin modern dhe inovacionin. N\u00eb promovimin e arteve dhe kultur\u00ebs, nj\u00eb element thelb\u00ebsor i platform\u00ebs p\u00ebrfshin angazhimin e t\u00eb rinjve dhe qasjen ndaj brezit t\u00eb rinj t\u00eb talenteve dhe performuesve.<\/p>\n<p>Organizata ka zhvilluar nj\u00eb program me nj\u00eb varietet formatesh, duke p\u00ebrfshir\u00eb pun\u00ebtori (workshops), gara, forume, evente performuese, projekte arti, diskutime autor\u00ebsh, leksione t\u00eb hapura, masterklasa dhe k\u00ebmbime. K\u00ebto aktivitete prekin nj\u00eb gam\u00eb t\u00eb gjer\u00eb zhanresh dhe fushash, si artet performuese dhe vizive, shkrimi dhe gazetaria kulturore, inovacioni artistik dhe teknologjik, arkitektura dhe dizajni urban, arkeologjia dhe trash\u00ebgimia, industria krijuese dhe sip\u00ebrmarrja, t\u00eb folurit publik, lidershipi kulturor dhe diplomacia kulturore.<\/p>\n<p>Festival Academy ka sjell\u00eb deri m\u00eb sot n\u00eb Shqip\u00ebri evente t\u00eb tilla si Festivali Kulturor Shqi\u00ebpri-Izrael, Dit\u00ebt e Kultur\u00ebs Hungareze n\u00eb Shqip\u00ebri \u201cHungarissimo\u201d, \u201cFrancontemporan\u201d, si dhe masterklasa dhe konferenca educative me disa nga lektor\u00ebt m\u00eb n\u00eb z\u00eb n\u00eb Europ\u00eb n\u00eb fush\u00ebn e artit, kultur\u00ebs, edukimit dhe inovacionit.<\/p>\n<p>N\u00ebp\u00ebrmjet nj\u00eb rrjeti t\u00eb gjer\u00eb kontaktesh dhe bashk\u00ebpunimesh me partner\u00eb n\u00eb Gjermani, Izrael, Hungari, Shtetet e Bashkuara, Kosov\u00eb, si dhe n\u00eb vende t\u00eb Ballkanit, kemi garantuar cil\u00ebsi t\u00eb lart\u00eb n\u00eb mbar\u00ebvajtjen e aktiviteve t\u00eb larmishme p\u00ebr publikun e gjer\u00eb shqiptar dhe nd\u00ebrkomb\u00ebtar.[\/vc_column_text][\/vc_column][\/vc_row][vc_row css=&#8221;.vc_custom_1757665560096{padding-top: 40px !important;}&#8221;][vc_column width=&#8221;1\/6&#8243;][\/vc_column][vc_column width=&#8221;2\/3&#8243;][vc_images_carousel images=&#8221;865,863,861,859,857,855,853,851,849,847,845,843,841,839,837,835,833,831,829,827,823&#8243; img_size=&#8221;large&#8221; speed=&#8221;3000&#8243; autoplay=&#8221;yes&#8221; wrap=&#8221;yes&#8221;][\/vc_column][vc_column width=&#8221;1\/6&#8243;][\/vc_column][\/vc_row]<\/p>\n","protected":false},"excerpt":{"rendered":"<p>[vc_row][vc_column][vc_column_text] Rreth Festival Academy: Festival Academy \u00ebsht\u00eb nj\u00eb platform\u00eb arti dhe kulture dedikuar nd\u00ebrlidhjes s\u00eb trash\u00ebgimis\u00eb kulturore dhe zhanreve klasike me artin modern dhe inovacionin. N\u00eb promovimin e arteve dhe kultur\u00ebs, nj\u00eb element thelb\u00ebsor i platform\u00ebs p\u00ebrfshin angazhimin e t\u00eb rinjve dhe qasjen ndaj brezit&#8230;<\/p>\n","protected":false},"author":1,"featured_media":0,"parent":0,"menu_order":0,"comment_status":"closed","ping_status":"closed","template":"full_width.php","meta":{"footnotes":""},"class_list":["post-555","page","type-page","status-publish","hentry"],"_links":{"self":[{"href":"https:\/\/festival-academy.com\/sq\/wp-json\/wp\/v2\/pages\/555","targetHints":{"allow":["GET"]}}],"collection":[{"href":"https:\/\/festival-academy.com\/sq\/wp-json\/wp\/v2\/pages"}],"about":[{"href":"https:\/\/festival-academy.com\/sq\/wp-json\/wp\/v2\/types\/page"}],"author":[{"embeddable":true,"href":"https:\/\/festival-academy.com\/sq\/wp-json\/wp\/v2\/users\/1"}],"replies":[{"embeddable":true,"href":"https:\/\/festival-academy.com\/sq\/wp-json\/wp\/v2\/comments?post=555"}],"version-history":[{"count":15,"href":"https:\/\/festival-academy.com\/sq\/wp-json\/wp\/v2\/pages\/555\/revisions"}],"predecessor-version":[{"id":927,"href":"https:\/\/festival-academy.com\/sq\/wp-json\/wp\/v2\/pages\/555\/revisions\/927"}],"wp:attachment":[{"href":"https:\/\/festival-academy.com\/sq\/wp-json\/wp\/v2\/media?parent=555"}],"curies":[{"name":"wp","href":"https:\/\/api.w.org\/{rel}","templated":true}]}}